{"id":896,"date":"2018-11-19T21:05:01","date_gmt":"2018-11-19T20:05:01","guid":{"rendered":"http:\/\/www.atout-hasard.fr\/?page_id=896"},"modified":"2018-12-05T15:35:05","modified_gmt":"2018-12-05T14:35:05","slug":"sous-la-plume-des-sychronicites","status":"publish","type":"page","link":"https:\/\/www.atout-hasard.fr\/index.php\/sous-la-plume-des-sychronicites\/","title":{"rendered":"Sous la plume des synchronicit\u00e9s"},"content":{"rendered":"<div class=\"contents \">\n<h3>De la disposition pour partir en voyage \u00e0 la rencontre de l&rsquo;inattendu&#8230;<\/h3>\n<p><img loading=\"lazy\" decoding=\"async\" width=\"300\" height=\"169\" class=\" wp-image-238 alignleft\" src=\"https:\/\/www.atout-hasard.fr\/wp-content\/uploads\/2016\/02\/P1200284-e1542660442372-300x169.jpg\" alt=\"\" srcset=\"https:\/\/www.atout-hasard.fr\/wp-content\/uploads\/2016\/02\/P1200284-e1542660442372-300x169.jpg 300w, https:\/\/www.atout-hasard.fr\/wp-content\/uploads\/2016\/02\/P1200284-e1542660442372.jpg 480w\" sizes=\"auto, (max-width: 300px) 100vw, 300px\" \/><\/p>\n<p><em>\u00ab Ma conception du voyage avait chang\u00e9 : la destination importe moins que l&rsquo;abandon.<\/em><\/p>\n<p>&nbsp;<\/p>\n<ul>\n<li><em>Partir, ce n&rsquo;est pas chercher, c&rsquo;est tout quitter, proches, voisins, habitudes, d\u00e9sirs, opinions, soi-m\u00eame.<\/em><\/li>\n<li><em>Partir n&rsquo;a d&rsquo;autre but que de se livrer \u00e0 l&rsquo;inconnu, \u00e0 l&rsquo;impr\u00e9vu, \u00e0 l&rsquo;infinit\u00e9 des possibles, voire m\u00eame \u00e0 l&rsquo;impossible.<\/em><\/li>\n<li style=\"text-align: left;\"><em>Partir consiste \u00e0 perdre ses rep\u00e8res, la ma\u00eetrise, l&rsquo;illusion de savoir et \u00e0 creuser en soi une disposition hospitali\u00e8re qui permet \u00e0 l&rsquo;exceptionnel de surgir.<\/em><\/li>\n<\/ul>\n<p><em>Le v<\/em><em>\u00e9ritab<\/em><em>le v<\/em><em>oyageur reste sans bagage et sans but. \u00bb<\/em><\/p>\n<p>(La nuit de feu &#8211; Eric-Emmanuel Schmitt)<\/p>\n<p>&nbsp;<\/p>\n<\/div>\n","protected":false},"excerpt":{"rendered":"<p>De la disposition pour partir en voyage \u00e0 la rencontre de l&rsquo;inattendu&#8230; \u00ab Ma conception du voyage avait chang\u00e9 : la destination importe moins que l&rsquo;abandon. &nbsp; Partir, ce n&rsquo;est pas chercher, c&rsquo;est tout quitter, proches, voisins, habitudes, d\u00e9sirs, opinions, soi-m\u00eame. Partir n&rsquo;a d&rsquo;autre but que de se livrer \u00e0 l&rsquo;inconnu, \u00e0 l&rsquo;impr\u00e9vu, \u00e0 l&rsquo;infinit\u00e9 [&hellip;]<\/p>\n","protected":false},"author":3,"featured_media":0,"parent":0,"menu_order":0,"comment_status":"closed","ping_status":"closed","template":"","meta":{"footnotes":""},"class_list":["post-896","page","type-page","status-publish","hentry","short-story","post-entry","box"],"_links":{"self":[{"href":"https:\/\/www.atout-hasard.fr\/index.php\/wp-json\/wp\/v2\/pages\/896","targetHints":{"allow":["GET"]}}],"collection":[{"href":"https:\/\/www.atout-hasard.fr\/index.php\/wp-json\/wp\/v2\/pages"}],"about":[{"href":"https:\/\/www.atout-hasard.fr\/index.php\/wp-json\/wp\/v2\/types\/page"}],"author":[{"embeddable":true,"href":"https:\/\/www.atout-hasard.fr\/index.php\/wp-json\/wp\/v2\/users\/3"}],"replies":[{"embeddable":true,"href":"https:\/\/www.atout-hasard.fr\/index.php\/wp-json\/wp\/v2\/comments?post=896"}],"version-history":[{"count":22,"href":"https:\/\/www.atout-hasard.fr\/index.php\/wp-json\/wp\/v2\/pages\/896\/revisions"}],"predecessor-version":[{"id":1108,"href":"https:\/\/www.atout-hasard.fr\/index.php\/wp-json\/wp\/v2\/pages\/896\/revisions\/1108"}],"wp:attachment":[{"href":"https:\/\/www.atout-hasard.fr\/index.php\/wp-json\/wp\/v2\/media?parent=896"}],"curies":[{"name":"wp","href":"https:\/\/api.w.org\/{rel}","templated":true}]}}