{"id":478,"date":"2017-02-16T19:12:08","date_gmt":"2017-02-16T18:12:08","guid":{"rendered":"http:\/\/atout.simple-illusion.com\/?page_id=478"},"modified":"2018-01-04T19:22:52","modified_gmt":"2018-01-04T18:22:52","slug":"philosophie","status":"publish","type":"page","link":"https:\/\/www.atout-hasard.fr\/index.php\/philosophie\/","title":{"rendered":"Philosophie"},"content":{"rendered":"<h2 style=\"text-align: justify;\"><img loading=\"lazy\" decoding=\"async\" width=\"300\" height=\"225\" class=\"wp-image-195 size-medium alignleft\" src=\"http:\/\/atout.simple-illusion.com\/wp-content\/uploads\/2016\/03\/P1040842-1-300x225.jpg\" alt=\"P1040842\" srcset=\"https:\/\/www.atout-hasard.fr\/wp-content\/uploads\/2016\/03\/P1040842-1-300x225.jpg 300w, https:\/\/www.atout-hasard.fr\/wp-content\/uploads\/2016\/03\/P1040842-1.jpg 480w\" sizes=\"auto, (max-width: 300px) 100vw, 300px\" \/><strong>Voyager dans les interstices\u2026<\/strong><\/h2>\n<p>Le \u201cJe du hasard\u201d est un <strong>atelier ludique<\/strong> o\u00f9 nous proposons de vous <strong>apprendre \u00e0 voyager<\/strong>\u00a0dans l\u2019interstice des co\u00efncidences, ces \u00e9v\u00e9nements inattendus qui viennent nous cueillir dans notre<strong>\u00a0\u00ab\u00a0pr\u00e9sent\u00a0\u00bb<\/strong>, \u00a0l\u00e0 o\u00f9 Bertrand Poirot Delpech \u00e9crivait dans son livre \u201cTravers\u00e9e\u201d :<\/p>\n<h4 style=\"text-align: center;\">\u201cNous ne sommes pas quelque-part,<br \/>\nnous sommes \u00e0 un instant de nous-m\u00eame.\u201d<\/h4>\n<p>L\u2019id\u00e9e est n\u00e9e \u00e0 l\u2019issue de multiples exp\u00e9riences de synchronicit\u00e9s v\u00e9cues sur une p\u00e9riode de 15 ans.<\/p>\n<p>Plus ou moins extraordinaires et le plus souvent humoristiques, elles portaient en elles une dimension philosophique dont je mis quelques ann\u00e9es \u00e0 d\u00e9crypter le <strong>\u201cfil rouge\u201d<\/strong>.<\/p>\n<p>J\u2019y d\u00e9couvrais une dimension interactive insoup\u00e7onn\u00e9e o\u00f9 les <strong>farces du r\u00e9el<\/strong> semblaient r\u00e9pondre en \u00e9cho \u00e0 mes questionnements les plus intimes, comme une \u201cconversation\u201d en<strong> \u00e9cho-incidence<\/strong> ou deux r\u00e9alit\u00e9s incidentes l\u2019une avec l\u2019autre semblaient transcender l\u2019horizon du tangible.<\/p>\n<p>Sans avoir de vocation th\u00e9rapeutique, cet atelier est donc une invitation \u00e0 en d\u00e9couvrir les contours et ses subtilit\u00e9s et vous permettre \u00e0 votre tour d\u2019<strong>engager cette conversation.<\/strong><\/p>\n<h3>Alors me direz vous,<br \/>\n<em><a href=\"http:\/\/atout.simple-illusion.com\/index.php\/page-d-exemple\/\">d\u2019o\u00f9 vient cette id\u00e9e farfelue ?<\/a><\/em><\/h3>\n","protected":false},"excerpt":{"rendered":"<p>Voyager dans les interstices\u2026 Le \u201cJe du hasard\u201d est un atelier ludique o\u00f9 nous proposons de vous apprendre \u00e0 voyager\u00a0dans l\u2019interstice des co\u00efncidences, ces \u00e9v\u00e9nements inattendus qui viennent nous cueillir dans notre\u00a0\u00ab\u00a0pr\u00e9sent\u00a0\u00bb, \u00a0l\u00e0 o\u00f9 Bertrand Poirot Delpech \u00e9crivait dans son livre \u201cTravers\u00e9e\u201d : \u201cNous ne sommes pas quelque-part, nous sommes \u00e0 un instant de nous-m\u00eame.\u201d [&hellip;]<\/p>\n","protected":false},"author":3,"featured_media":0,"parent":0,"menu_order":0,"comment_status":"closed","ping_status":"closed","template":"","meta":{"footnotes":""},"class_list":["post-478","page","type-page","status-publish","hentry","short-story","post-entry","box"],"_links":{"self":[{"href":"https:\/\/www.atout-hasard.fr\/index.php\/wp-json\/wp\/v2\/pages\/478","targetHints":{"allow":["GET"]}}],"collection":[{"href":"https:\/\/www.atout-hasard.fr\/index.php\/wp-json\/wp\/v2\/pages"}],"about":[{"href":"https:\/\/www.atout-hasard.fr\/index.php\/wp-json\/wp\/v2\/types\/page"}],"author":[{"embeddable":true,"href":"https:\/\/www.atout-hasard.fr\/index.php\/wp-json\/wp\/v2\/users\/3"}],"replies":[{"embeddable":true,"href":"https:\/\/www.atout-hasard.fr\/index.php\/wp-json\/wp\/v2\/comments?post=478"}],"version-history":[{"count":7,"href":"https:\/\/www.atout-hasard.fr\/index.php\/wp-json\/wp\/v2\/pages\/478\/revisions"}],"predecessor-version":[{"id":794,"href":"https:\/\/www.atout-hasard.fr\/index.php\/wp-json\/wp\/v2\/pages\/478\/revisions\/794"}],"wp:attachment":[{"href":"https:\/\/www.atout-hasard.fr\/index.php\/wp-json\/wp\/v2\/media?parent=478"}],"curies":[{"name":"wp","href":"https:\/\/api.w.org\/{rel}","templated":true}]}}