{"id":46,"date":"2016-03-04T21:12:25","date_gmt":"2016-03-04T20:12:25","guid":{"rendered":"http:\/\/atout.simple-illusion.com\/?page_id=46"},"modified":"2018-12-06T17:25:10","modified_gmt":"2018-12-06T16:25:10","slug":"dalila-gardechaux","status":"publish","type":"page","link":"https:\/\/www.atout-hasard.fr\/index.php\/dalila-gardechaux\/","title":{"rendered":"Dalila Gardechaux"},"content":{"rendered":"<p><img decoding=\"async\" class=\"size-full wp-image-659 alignleft\" src=\"https:\/\/www.atout-hasard.fr\/wp-content\/uploads\/2017\/05\/Dalila.jpg\" alt=\"\" \/><br \/>\n<img loading=\"lazy\" decoding=\"async\" width=\"259\" height=\"194\" class=\"alignleft wp-image-667\" src=\"https:\/\/www.atout-hasard.fr\/wp-content\/uploads\/2017\/05\/Dalila-2-e1494943578587.jpg\" alt=\"\" \/>Ex infirmi\u00e8re de r\u00e9animation (32 ans d\u2019exp\u00e9rience)<\/p>\n<p>Analyste de r\u00eaves form\u00e9e \u00e0 l\u2019\u00e9cole des r\u00eaves et des profondeurs (aujourd\u2019hui appel\u00e9e\u00a0:\u00a0\u00ab\u00a0Psychanalyste symbolique\u00a0\u00bb), par\u00a0<em>Pierre Trigano<\/em>\u00a0et\u00a0<em>Agn\u00e8s Vincent<\/em>\u00a0\u00e0 Montpellier,<\/p>\n<p>Praticienne en hypnose form\u00e9e \u00e0 l\u2019I.F.H.E. \u00e0 Paris par\u00a0<em>O. Lockert<\/em>.<\/p>\n<p>Sa solide exp\u00e9rience professionnelle pass\u00e9e en r\u00e9animation ainsi que son int\u00e9r\u00eat pour la sant\u00e9 au sens large, l\u2019ont naturellement conduite \u00e0 aborder l\u2019\u00eatre humain dans sa globalit\u00e9.<\/p>\n<p>L\u2019apport de la m\u00e9canique quantique dans la compr\u00e9hension des ph\u00e9nom\u00e8nes vibratoires et de l\u2019\u00e9nergie a \u00e9clair\u00e9 sa conception du monde. Cette fa\u00e7on novatrice de prendre soin de l\u2019autre\u00a0 est devenue le fondement m\u00eame de sa pratique.\u00a0 Elle propose son savoir-faire tant dans son approche jungienne de la psych\u00e9, que dans la pratique de l\u2019hypnose humaniste au service de la connaissance de soi.<\/p>\n<p>Site internet : <span class=\"_5yl5\"><a href=\"http:\/\/www.arhea.fr\/?fbclid=IwAR2cGASmvhgpEk0Ka-tTnB81UE4Pvmted3d_inZuMPqnfVcKth4897tBmxY\" target=\"_blank\" rel=\"nofollow noopener\" data-lynx-mode=\"hover\" data-lynx-uri=\"https:\/\/l.facebook.com\/l.php?u=http%3A%2F%2Fwww.arhea.fr%2F%3Ffbclid%3DIwAR2cGASmvhgpEk0Ka-tTnB81UE4Pvmted3d_inZuMPqnfVcKth4897tBmxY&amp;h=AT2-MHKo3i7-TOgL6Loi46r_ekp6PP-VXB1sgaL0bTyDl7nIrgkiwR7aSMK5PHz8DJlHLvPe1pF3YUTqriro9dIj9LBnTddsCxBnhAX9NndILcispv0wZ8_zH_ZNTrOWgFw\">www.arhea.fr<\/a><\/span><\/p>\n","protected":false},"excerpt":{"rendered":"<p>Ex infirmi\u00e8re de r\u00e9animation (32 ans d\u2019exp\u00e9rience) Analyste de r\u00eaves form\u00e9e \u00e0 l\u2019\u00e9cole des r\u00eaves et des profondeurs (aujourd\u2019hui appel\u00e9e\u00a0:\u00a0\u00ab\u00a0Psychanalyste symbolique\u00a0\u00bb), par\u00a0Pierre Trigano\u00a0et\u00a0Agn\u00e8s Vincent\u00a0\u00e0 Montpellier, Praticienne en hypnose form\u00e9e \u00e0 l\u2019I.F.H.E. \u00e0 Paris par\u00a0O. Lockert. Sa solide exp\u00e9rience professionnelle pass\u00e9e en r\u00e9animation ainsi que son int\u00e9r\u00eat pour la sant\u00e9 au sens large, l\u2019ont naturellement conduite [&hellip;]<\/p>\n","protected":false},"author":3,"featured_media":0,"parent":0,"menu_order":0,"comment_status":"closed","ping_status":"closed","template":"","meta":{"footnotes":""},"class_list":["post-46","page","type-page","status-publish","hentry","short-story","post-entry","box"],"_links":{"self":[{"href":"https:\/\/www.atout-hasard.fr\/index.php\/wp-json\/wp\/v2\/pages\/46","targetHints":{"allow":["GET"]}}],"collection":[{"href":"https:\/\/www.atout-hasard.fr\/index.php\/wp-json\/wp\/v2\/pages"}],"about":[{"href":"https:\/\/www.atout-hasard.fr\/index.php\/wp-json\/wp\/v2\/types\/page"}],"author":[{"embeddable":true,"href":"https:\/\/www.atout-hasard.fr\/index.php\/wp-json\/wp\/v2\/users\/3"}],"replies":[{"embeddable":true,"href":"https:\/\/www.atout-hasard.fr\/index.php\/wp-json\/wp\/v2\/comments?post=46"}],"version-history":[{"count":15,"href":"https:\/\/www.atout-hasard.fr\/index.php\/wp-json\/wp\/v2\/pages\/46\/revisions"}],"predecessor-version":[{"id":1125,"href":"https:\/\/www.atout-hasard.fr\/index.php\/wp-json\/wp\/v2\/pages\/46\/revisions\/1125"}],"wp:attachment":[{"href":"https:\/\/www.atout-hasard.fr\/index.php\/wp-json\/wp\/v2\/media?parent=46"}],"curies":[{"name":"wp","href":"https:\/\/api.w.org\/{rel}","templated":true}]}}