{"id":41,"date":"2016-03-04T21:09:28","date_gmt":"2016-03-04T20:09:28","guid":{"rendered":"http:\/\/atout.simple-illusion.com\/?page_id=41"},"modified":"2022-07-01T15:50:38","modified_gmt":"2022-07-01T14:50:38","slug":"pierre-lagrange","status":"publish","type":"page","link":"https:\/\/www.atout-hasard.fr\/index.php\/pierre-lagrange\/","title":{"rendered":"Pierre Lagrange"},"content":{"rendered":"<p style=\"text-align: justify;\"><img loading=\"lazy\" decoding=\"async\" width=\"300\" height=\"225\" class=\" wp-image-249 alignleft\" src=\"https:\/\/www.atout-hasard.fr\/wp-content\/uploads\/2016\/03\/P1250290-Copie-300x225.jpg\" alt=\"\" srcset=\"https:\/\/www.atout-hasard.fr\/wp-content\/uploads\/2016\/03\/P1250290-Copie-300x225.jpg 300w, https:\/\/www.atout-hasard.fr\/wp-content\/uploads\/2016\/03\/P1250290-Copie.jpg 480w\" sizes=\"auto, (max-width: 300px) 100vw, 300px\" \/><strong>Concepteur de l&rsquo;atelier, je suis celui qui vous emm\u00e8ne\u00a0en voyage \u00e0 la rencontre de l&rsquo;inattendu&#8230;<\/strong><\/p>\n<p style=\"text-align: justify;\">Educateur sp\u00e9cialis\u00e9 de formation, je travaille depuis de nombreuses ann\u00e9es en <a href=\"http:\/\/www.inpes.sante.fr\/10000\/themes\/telephonie_sante\/index.asp\">Pr\u00e9vention et Aide \u00e0 Distance en Sant\u00e9 <\/a>, profession apparent\u00e9e aux m\u00e9tiers de counselling en sant\u00e9.<\/p>\n<p style=\"text-align: justify;\">Plus humoristiquement voici un cv qui correspondrait \u00e0 ma v\u00e9ritable nature :<\/p>\n<p style=\"padding-left: 30px;\">Age : jeune (mais depuis pas mal d&rsquo;ann\u00e9es d\u00e9j\u00e0)<br \/>\nPhilosophie : m\u00e9ta-rationnaliste<br \/>\nMode de pens\u00e9e : arborescent \u201csait qu\u2019en ciel\u201d (par opposition \u00e0 lin\u00e9aire et s\u00e9quentiel)<br \/>\nAnagramme : \u201carri\u00e8re plan &#8211; egg\u201d<br \/>\nMaxime favorite : \u201cne pr\u00e9supposer de rien, s\u2019attendre \u00e0 tout\u201d<br \/>\n1\u00e8re synchronicit\u00e9 v\u00e9cue :\u00a0 d\u00e8s ma naissance, \u00e9tant n\u00e9 le jour de mes deux f\u00eates Pierre et Paul&#8230;<\/p>\n<p style=\"text-align: justify;\">Pendant longtemps je croyais \u00eatre un explorateur des chemins de traverse, mais plus j&rsquo;apprends de moi plus il semble que ce soit l&rsquo;inverse. Je serai plut\u00f4t&#8230;<\/p>\n<blockquote><p><strong>un invit\u00e9 de l&rsquo;inattendu,<\/strong><br \/>\n<strong> un agit de l&rsquo;incertain,<\/strong><br \/>\n<strong> un \u00ab\u00a0<em>hasard\u00e9 n\u00e9cessaire\u00a0\u00bb<\/em>,<\/strong><br \/>\n<strong> un \u00ab\u00a0<em>dans\u00e9 du chaos\u00a0\u00bb,<\/em><\/strong><br \/>\n<strong> comme se plairait \u00e0 dire \u00ab\u00a0<a href=\"http:\/\/jfvezina.net\/\">Jean Fran\u00e7ois V\u00e9zina<\/a>\u00ab\u00a0.<\/strong><\/p><\/blockquote>\n<p style=\"text-align: justify;\">Alors si l&rsquo;envie vous vient&#8230;<a href=\"https:\/\/www.atout-hasard.fr\/index.php\/deroulement\/\"><em><strong>dansons ensemble<\/strong><\/em> !<\/a><\/p>\n","protected":false},"excerpt":{"rendered":"<p>Concepteur de l&rsquo;atelier, je suis celui qui vous emm\u00e8ne\u00a0en voyage \u00e0 la rencontre de l&rsquo;inattendu&#8230; Educateur sp\u00e9cialis\u00e9 de formation, je travaille depuis de nombreuses ann\u00e9es en Pr\u00e9vention et Aide \u00e0 Distance en Sant\u00e9 , profession apparent\u00e9e aux m\u00e9tiers de counselling en sant\u00e9. Plus humoristiquement voici un cv qui correspondrait \u00e0 ma v\u00e9ritable nature : Age [&hellip;]<\/p>\n","protected":false},"author":3,"featured_media":0,"parent":0,"menu_order":0,"comment_status":"closed","ping_status":"closed","template":"","meta":{"footnotes":""},"class_list":["post-41","page","type-page","status-publish","hentry","short-story","post-entry","box"],"_links":{"self":[{"href":"https:\/\/www.atout-hasard.fr\/index.php\/wp-json\/wp\/v2\/pages\/41","targetHints":{"allow":["GET"]}}],"collection":[{"href":"https:\/\/www.atout-hasard.fr\/index.php\/wp-json\/wp\/v2\/pages"}],"about":[{"href":"https:\/\/www.atout-hasard.fr\/index.php\/wp-json\/wp\/v2\/types\/page"}],"author":[{"embeddable":true,"href":"https:\/\/www.atout-hasard.fr\/index.php\/wp-json\/wp\/v2\/users\/3"}],"replies":[{"embeddable":true,"href":"https:\/\/www.atout-hasard.fr\/index.php\/wp-json\/wp\/v2\/comments?post=41"}],"version-history":[{"count":45,"href":"https:\/\/www.atout-hasard.fr\/index.php\/wp-json\/wp\/v2\/pages\/41\/revisions"}],"predecessor-version":[{"id":1351,"href":"https:\/\/www.atout-hasard.fr\/index.php\/wp-json\/wp\/v2\/pages\/41\/revisions\/1351"}],"wp:attachment":[{"href":"https:\/\/www.atout-hasard.fr\/index.php\/wp-json\/wp\/v2\/media?parent=41"}],"curies":[{"name":"wp","href":"https:\/\/api.w.org\/{rel}","templated":true}]}}