{"id":2,"date":"2016-02-19T17:38:32","date_gmt":"2016-02-19T16:38:32","guid":{"rendered":"http:\/\/atout.simple-illusion.com\/?page_id=2"},"modified":"2018-01-04T19:29:14","modified_gmt":"2018-01-04T18:29:14","slug":"a-lorigine","status":"publish","type":"page","link":"https:\/\/www.atout-hasard.fr\/index.php\/a-lorigine\/","title":{"rendered":"A l&rsquo;origine&#8230;"},"content":{"rendered":"<h2 style=\"text-align: justify;\"><img decoding=\"async\" class=\"alignleft wp-image-238 size-medium\" src=\"http:\/\/atout.simple-illusion.com\/wp-content\/uploads\/2016\/02\/P1200284-300x169.jpg\" alt=\"P1200284\" \/><strong>C&rsquo;est un voyage en voilier&#8230;<\/strong><\/h2>\n<p style=\"text-align: justify;\">&#8230;une navigation de 18 mois durant laquelle une <strong>succession de hasards<\/strong> les plus invraisemblables sont venus en \u00e9cho aux rencontres les plus inattendues. <strong>C\u00f4toyer l\u2019improbabilit\u00e9<\/strong> est inh\u00e9rent \u00e0 la pratique du voyage, tant cette exp\u00e9rience se situe hors-champs du connu.<\/p>\n<p style=\"text-align: justify;\">De retour \u00e0 terre, et de fa\u00e7on tout aussi surprenante, ces hasards ont continu\u00e9 \u00e0 jalonner mon quotidien. Cette r\u00e9p\u00e9tition durant une quinzaine d\u2019ann\u00e9es fini par <strong>d\u00e9livrer du sens<\/strong>, comme un \u00e9cho \u00e0 des <strong>questions sous-jacentes<\/strong> qui cherchaient \u00e0 se poser.<\/p>\n<blockquote>\n<p style=\"text-align: justify;\">C\u2019est en jouant ce jeu de r<em>\u00e9ponses\/question<\/em> que s\u2019est instaur\u00e9 peu \u00e0 peu une <em>conversation symbolique<\/em> avec le r\u00e9el.<\/p>\n<\/blockquote>\n<p style=\"text-align: justify;\">Alors se posait une question : qu&rsquo;en \u00e9tait-il de la m\u00e9canique des co\u00efncidences ?<br \/>\nRelevait-elle simplement d&rsquo;une vue de l&rsquo;esprit, de l&rsquo;inconscient psychanalytique, d&rsquo;une providence spirituelle ? \u00a0Elle devait naturellement \u00eatre inscrite dans la <strong>mati\u00e8re. <\/strong>Une\u00a0physique \u00ab\u00a0a-causale\u00a0\u00bb pourrait en expliquer les mouvements.<\/p>\n<blockquote>\n<p style=\"text-align: justify;\">Il devait alors \u00eatre possible de\u00a0<strong>d\u00e9clencher une synchronicit\u00e9<\/strong> ou, plus s\u00fbrement, de cr\u00e9er les conditions de son apparition.<\/p>\n<\/blockquote>\n<h3 style=\"text-align: justify;\"><a href=\"http:\/\/atout.simple-illusion.com\/index.php\/fonctionnement\/\">Mais comment ?&#8230;<\/a><\/h3>\n","protected":false},"excerpt":{"rendered":"<p>C&rsquo;est un voyage en voilier&#8230; &#8230;une navigation de 18 mois durant laquelle une succession de hasards les plus invraisemblables sont venus en \u00e9cho aux rencontres les plus inattendues. C\u00f4toyer l\u2019improbabilit\u00e9 est inh\u00e9rent \u00e0 la pratique du voyage, tant cette exp\u00e9rience se situe hors-champs du connu. De retour \u00e0 terre, et de fa\u00e7on tout aussi surprenante, [&hellip;]<\/p>\n","protected":false},"author":1,"featured_media":0,"parent":0,"menu_order":0,"comment_status":"closed","ping_status":"open","template":"","meta":{"footnotes":""},"class_list":["post-2","page","type-page","status-publish","hentry","short-story","post-entry","box"],"_links":{"self":[{"href":"https:\/\/www.atout-hasard.fr\/index.php\/wp-json\/wp\/v2\/pages\/2","targetHints":{"allow":["GET"]}}],"collection":[{"href":"https:\/\/www.atout-hasard.fr\/index.php\/wp-json\/wp\/v2\/pages"}],"about":[{"href":"https:\/\/www.atout-hasard.fr\/index.php\/wp-json\/wp\/v2\/types\/page"}],"author":[{"embeddable":true,"href":"https:\/\/www.atout-hasard.fr\/index.php\/wp-json\/wp\/v2\/users\/1"}],"replies":[{"embeddable":true,"href":"https:\/\/www.atout-hasard.fr\/index.php\/wp-json\/wp\/v2\/comments?post=2"}],"version-history":[{"count":29,"href":"https:\/\/www.atout-hasard.fr\/index.php\/wp-json\/wp\/v2\/pages\/2\/revisions"}],"predecessor-version":[{"id":800,"href":"https:\/\/www.atout-hasard.fr\/index.php\/wp-json\/wp\/v2\/pages\/2\/revisions\/800"}],"wp:attachment":[{"href":"https:\/\/www.atout-hasard.fr\/index.php\/wp-json\/wp\/v2\/media?parent=2"}],"curies":[{"name":"wp","href":"https:\/\/api.w.org\/{rel}","templated":true}]}}