{"id":124,"date":"2016-03-08T08:40:50","date_gmt":"2016-03-08T07:40:50","guid":{"rendered":"http:\/\/atout.simple-illusion.com\/?page_id=124"},"modified":"2018-01-04T19:26:06","modified_gmt":"2018-01-04T18:26:06","slug":"quelques-exemples","status":"publish","type":"page","link":"https:\/\/www.atout-hasard.fr\/index.php\/quelques-exemples\/","title":{"rendered":"Champs d&rsquo;application"},"content":{"rendered":"<h2><img loading=\"lazy\" decoding=\"async\" width=\"300\" height=\"225\" class=\"wp-image-252 alignleft\" src=\"http:\/\/atout.simple-illusion.com\/wp-content\/uploads\/2016\/03\/P1250277-Copie-300x225.jpg\" alt=\"P1250277 - Copie\" srcset=\"https:\/\/www.atout-hasard.fr\/wp-content\/uploads\/2016\/03\/P1250277-Copie-300x225.jpg 300w, https:\/\/www.atout-hasard.fr\/wp-content\/uploads\/2016\/03\/P1250277-Copie.jpg 480w\" sizes=\"auto, (max-width: 300px) 100vw, 300px\" \/><strong>Le champs des possibles<\/strong><\/h2>\n<p style=\"text-align: justify;\">On aurait tendance \u00e0 penser que ce type\u00a0d\u2019exp\u00e9rience s&rsquo;applique essentiellement au \u201cd\u00e9veloppement personnel\u201d. \u00c7a l&rsquo;est bien \u00e9videmment, et c&rsquo;est un aspect central de l&rsquo;atelier.<\/p>\n<p style=\"text-align: justify;\">Mais le\u00a0tout premier<a href=\"http:\/\/atout.simple-illusion.com\/index.php\/ma-1ere-deambulation\/\">\u00a0\u00ab\u00a0Je du hasard<\/a>\u00a0\u00bb\u00a0a montr\u00e9 qu\u2019il \u00e9tait\u00a0 cr\u00e9atif sur un plan<strong> tr\u00e8s concret<\/strong> : il a permis de r\u00e9v\u00e9ler cet atelier de toute pi\u00e8ce \u00e0 partir des \u00e9v\u00e9nements synchronistiques qui s\u2019y \u00e9taient\u00a0d\u00e9roul\u00e9s.<\/p>\n<p style=\"text-align: justify;\">Par exemple,\u00a0une conteuse venue exp\u00e9rimenter l\u2019atelier, a d\u00e9couvert une nouvelle fa\u00e7on d\u2019\u00e9crire des contes \u00e0 partir des \u00e9v\u00e9nements synchronistiques\u00a0qui s\u2019\u00e9taient pr\u00e9sent\u00e9s \u00e0 elle.<\/p>\n<p style=\"text-align: justify;\">Ce champs est certainement vaste. Nous ne pourrions \u00eatre limit\u00e9 que par notre capacit\u00e9 \u00e0 nous poser les bonnes questions et \u00e0 \u00e9couter les r\u00e9ponses sur un mode symbolique.<\/p>\n<p style=\"text-align: justify;\">Nous faudrait-il alors simplement JOUER&#8230;le JE et nous laisser guider par lui ?<\/p>\n","protected":false},"excerpt":{"rendered":"<p>Le champs des possibles On aurait tendance \u00e0 penser que ce type\u00a0d\u2019exp\u00e9rience s&rsquo;applique essentiellement au \u201cd\u00e9veloppement personnel\u201d. \u00c7a l&rsquo;est bien \u00e9videmment, et c&rsquo;est un aspect central de l&rsquo;atelier. Mais le\u00a0tout premier\u00a0\u00ab\u00a0Je du hasard\u00a0\u00bb\u00a0a montr\u00e9 qu\u2019il \u00e9tait\u00a0 cr\u00e9atif sur un plan tr\u00e8s concret : il a permis de r\u00e9v\u00e9ler cet atelier de toute pi\u00e8ce \u00e0 partir [&hellip;]<\/p>\n","protected":false},"author":3,"featured_media":0,"parent":0,"menu_order":0,"comment_status":"closed","ping_status":"closed","template":"","meta":{"footnotes":""},"class_list":["post-124","page","type-page","status-publish","hentry","short-story","post-entry","box"],"_links":{"self":[{"href":"https:\/\/www.atout-hasard.fr\/index.php\/wp-json\/wp\/v2\/pages\/124","targetHints":{"allow":["GET"]}}],"collection":[{"href":"https:\/\/www.atout-hasard.fr\/index.php\/wp-json\/wp\/v2\/pages"}],"about":[{"href":"https:\/\/www.atout-hasard.fr\/index.php\/wp-json\/wp\/v2\/types\/page"}],"author":[{"embeddable":true,"href":"https:\/\/www.atout-hasard.fr\/index.php\/wp-json\/wp\/v2\/users\/3"}],"replies":[{"embeddable":true,"href":"https:\/\/www.atout-hasard.fr\/index.php\/wp-json\/wp\/v2\/comments?post=124"}],"version-history":[{"count":31,"href":"https:\/\/www.atout-hasard.fr\/index.php\/wp-json\/wp\/v2\/pages\/124\/revisions"}],"predecessor-version":[{"id":797,"href":"https:\/\/www.atout-hasard.fr\/index.php\/wp-json\/wp\/v2\/pages\/124\/revisions\/797"}],"wp:attachment":[{"href":"https:\/\/www.atout-hasard.fr\/index.php\/wp-json\/wp\/v2\/media?parent=124"}],"curies":[{"name":"wp","href":"https:\/\/api.w.org\/{rel}","templated":true}]}}