{"id":116,"date":"2016-03-07T15:53:28","date_gmt":"2016-03-07T14:53:28","guid":{"rendered":"http:\/\/atout.simple-illusion.com\/?page_id=116"},"modified":"2018-01-04T19:23:52","modified_gmt":"2018-01-04T18:23:52","slug":"fonctionnement","status":"publish","type":"page","link":"https:\/\/www.atout-hasard.fr\/index.php\/fonctionnement\/","title":{"rendered":"Fonctionnement"},"content":{"rendered":"<h2><img loading=\"lazy\" decoding=\"async\" width=\"300\" height=\"225\" class=\"wp-image-250 size-medium alignleft\" src=\"http:\/\/atout.simple-illusion.com\/wp-content\/uploads\/2016\/03\/P1080368-Copie-300x225.jpg\" alt=\"P1080368 - Copie\" srcset=\"https:\/\/www.atout-hasard.fr\/wp-content\/uploads\/2016\/03\/P1080368-Copie-300x225.jpg 300w, https:\/\/www.atout-hasard.fr\/wp-content\/uploads\/2016\/03\/P1080368-Copie.jpg 480w\" sizes=\"auto, (max-width: 300px) 100vw, 300px\" \/><strong>Voyage en \u00ab\u00a0Terra incognita\u00a0\u00bb<\/strong><\/h2>\n<p>En fait c\u2019est tr\u00e8s simple. Cela fonctionne de la <strong>m\u00eame fa\u00e7on que le voyage&#8230;<\/strong><\/p>\n<p style=\"text-align: justify;\">Lorsque nous partons en voyage nous partons \u00e0 la d\u00e9couverte de ce que nous ne pouvons imaginer \u00e0 l\u2019avance. Nous nous mettons en <strong>disponibilit\u00e9 de l\u2019inattendu<\/strong>, sans pr\u00e9supposer de rien mais en nous attendant \u00e0 tout, et d\u2019une certaine fa\u00e7on, nous nous laissons \u201ctrouver\u201d.<\/p>\n<p style=\"text-align: justify;\">Nous avons tous fait cette exp\u00e9rience \u00e0 un moment de notre vie : plus la destination est \u00e9trang\u00e8re \u00e0 nos rep\u00e8res habituels, plus notre r\u00e9ceptivit\u00e9 \u00e0 l&rsquo;inattendu est exacerb\u00e9e et plus l\u2019<strong>intuition<\/strong> semble devenir le GPS de nos d\u00e9cisions : le monde semble se d\u00e9rouler suivant une logique \u00e9chappant totalement \u00e0 notre esprit rationnel, de fa\u00e7on bien moins statistique et probable et bien plus \u201csubtile\u201d.<\/p>\n<p style=\"text-align: justify;\">Appara\u00eet alors dans la magie de ces \u00e9v\u00e9nement une autre dimension o\u00f9 peut-\u00eatre l\u2019<em><strong>\u00e2me-agit<\/strong><\/em> et tente de converser avec nous en \u00ab\u00a0jouant le Je\u00a0\u00bb ?<\/p>\n<p style=\"text-align: justify;\">Cet atelier est donc une invitation \u00e0 retrouver en nous ce \u00ab\u00a0<strong>voyageur de l&rsquo;inattendu<\/strong>\u00a0\u00bb initiateur du \u00ab\u00a0dialogue en \u00e9cho-incidence\u00a0\u00bb<\/p>\n<h3 style=\"text-align: justify;\"><em><a href=\"http:\/\/atout.simple-illusion.com\/index.php\/quelques-exemples\/\">Pour quelle application ?&#8230;<\/a><\/em><\/h3>\n","protected":false},"excerpt":{"rendered":"<p>Voyage en \u00ab\u00a0Terra incognita\u00a0\u00bb En fait c\u2019est tr\u00e8s simple. Cela fonctionne de la m\u00eame fa\u00e7on que le voyage&#8230; Lorsque nous partons en voyage nous partons \u00e0 la d\u00e9couverte de ce que nous ne pouvons imaginer \u00e0 l\u2019avance. Nous nous mettons en disponibilit\u00e9 de l\u2019inattendu, sans pr\u00e9supposer de rien mais en nous attendant \u00e0 tout, et [&hellip;]<\/p>\n","protected":false},"author":3,"featured_media":0,"parent":0,"menu_order":0,"comment_status":"closed","ping_status":"closed","template":"","meta":{"footnotes":""},"class_list":["post-116","page","type-page","status-publish","hentry","short-story","post-entry","box"],"_links":{"self":[{"href":"https:\/\/www.atout-hasard.fr\/index.php\/wp-json\/wp\/v2\/pages\/116","targetHints":{"allow":["GET"]}}],"collection":[{"href":"https:\/\/www.atout-hasard.fr\/index.php\/wp-json\/wp\/v2\/pages"}],"about":[{"href":"https:\/\/www.atout-hasard.fr\/index.php\/wp-json\/wp\/v2\/types\/page"}],"author":[{"embeddable":true,"href":"https:\/\/www.atout-hasard.fr\/index.php\/wp-json\/wp\/v2\/users\/3"}],"replies":[{"embeddable":true,"href":"https:\/\/www.atout-hasard.fr\/index.php\/wp-json\/wp\/v2\/comments?post=116"}],"version-history":[{"count":28,"href":"https:\/\/www.atout-hasard.fr\/index.php\/wp-json\/wp\/v2\/pages\/116\/revisions"}],"predecessor-version":[{"id":796,"href":"https:\/\/www.atout-hasard.fr\/index.php\/wp-json\/wp\/v2\/pages\/116\/revisions\/796"}],"wp:attachment":[{"href":"https:\/\/www.atout-hasard.fr\/index.php\/wp-json\/wp\/v2\/media?parent=116"}],"curies":[{"name":"wp","href":"https:\/\/api.w.org\/{rel}","templated":true}]}}