{"id":107,"date":"2016-03-07T10:42:37","date_gmt":"2016-03-07T09:42:37","guid":{"rendered":"http:\/\/atout.simple-illusion.com\/?page_id=107"},"modified":"2023-02-02T17:14:09","modified_gmt":"2023-02-02T16:14:09","slug":"deroulement","status":"publish","type":"page","link":"https:\/\/www.atout-hasard.fr\/index.php\/deroulement\/","title":{"rendered":"D\u00e9roulement"},"content":{"rendered":"<h2 style=\"text-align: left;\"><strong><img loading=\"lazy\" decoding=\"async\" width=\"300\" height=\"169\" class=\" wp-image-219 alignleft\" src=\"https:\/\/www.atout-hasard.fr\/wp-content\/uploads\/2016\/03\/P1170082-1-300x169.jpg\" alt=\"\" srcset=\"https:\/\/www.atout-hasard.fr\/wp-content\/uploads\/2016\/03\/P1170082-1-300x169.jpg 300w, https:\/\/www.atout-hasard.fr\/wp-content\/uploads\/2016\/03\/P1170082-1.jpg 480w\" sizes=\"auto, (max-width: 300px) 100vw, 300px\" \/>Suivant votre envie ou disponibilit\u00e9, l&rsquo;atelier\u00a0 se d\u00e9roule en individuel ou en groupe<\/strong><\/h2>\n<h2 style=\"text-align: left;\"><strong><em>Atelier individuel (environ 3h)<\/em><\/strong><\/h2>\n<p>Anim\u00e9 par <a href=\"https:\/\/www.atout-hasard.fr\/index.php\/pierre-lagrange\/\">Pierre Lagrange<\/a>, cette d\u00e9ambulation personnalis\u00e9e permet de d\u00e9couvrir de fa\u00e7on<strong> plus instinctuelle<\/strong> toute la richesse \u00e9vocatrice des synchronicit\u00e9s qui peuvent, de fa\u00e7on surprenante, r\u00e9pondre \u00e0 tout un panel de probl\u00e9matiques (affective, professionnelle, existentielle).<\/p>\n<p>Il est centr\u00e9 sur<strong> l&rsquo;exp\u00e9rimentation<\/strong> et<strong> l\u2019interpr\u00e9tation intuitive <\/strong>des \u00e9v\u00e8nements synchronistiques qui y sont apparus.<strong><br \/>\n<\/strong><\/p>\n<p>Il fait abstraction des parties d\u00e9velopp\u00e9s dans l&rsquo;<em><strong>atelier WE<\/strong> (<\/em>\u00e9change avec le groupe, interpr\u00e9tation Jungienne et th\u00e9ories quantiques des synchronicit\u00e9s),<\/p>\n<p>Il suffit de prendre RV au 06 41 66 59 90 pour convenir d&rsquo;un horaire.<\/p>\n<p>Prix : 50 \u20ac (dont 10 euros d&rsquo;adh\u00e9sion \u00e0 l&rsquo;association)<\/p>\n<h3><strong><em>Atelier de groupe\u00a0 (1 journ\u00e9e)<\/em><\/strong><\/h3>\n<p style=\"text-align: justify;\">L&rsquo;atelier, anim\u00e9 par <a href=\"https:\/\/www.atout-hasard.fr\/index.php\/pierre-lagrange\/\">Pierre Lagrange<\/a> et <a href=\"https:\/\/www.atout-hasard.fr\/index.php\/dalila-gardechaux\/\">Dalila Gardechaux<\/a>, se d\u00e9roule en groupe de 5 personnes dans le c\u0153ur du vieux Montpellier ou dans votre r\u00e9gion*, c&rsquo;est \u00e0 dire dans les conditions les plus proches de nos vies quotidiennes.<\/p>\n<p><strong>Tout d&rsquo;abord<\/strong>, nous nous mettrons en condition avant de partir en \u00ab\u00a0<strong>voyage synchronistique<\/strong>\u00a0\u00bb \u00e0 la rencontre d&rsquo;un monde auquel notre mental peine \u00e0 acc\u00e9der et l\u00e0 o\u00f9 seul notre Esprit d\u2019aventure accepte d\u2019aborder les rives incertaines du \u201c<strong>je ne sais pas<\/strong>\u201d.<\/p>\n<p><strong>Ensuite<\/strong> nous partirons en d\u00e9ambulation non <strong>pas \u00e0 la recherche de r\u00e9ponses<\/strong> \u00e0 nos questions mais \u00e0 l\u2019<strong>\u00e9coute de l\u2019inattendu <\/strong>duquel surgit \u00e0 chaque fois des tableaux r\u00e9v\u00e9lateurs de sens.\u00a0 Il s\u2019agira donc d\u2019apprendre \u00e0 <strong>\u201cse laisser trouver\u201d<\/strong><\/p>\n<p><strong>De retour, <\/strong>avec quelques outils d\u2019interpr\u00e9tations symboliques, nous jouerons \u00e0 mettre en <strong>r\u00e9sonance<\/strong> ces clins d\u2019\u0153il du pr\u00e9sent avec notre \u00e9tat du moment, voire de la question qui nous tient \u00e0 c\u0153ur et que nous aurons pu poser en pr\u00e9liminaire de la d\u00e9ambulation.<\/p>\n<p style=\"text-align: justify;\"><strong>Enfin,<\/strong> nous verrons de quelle fa\u00e7on nous pouvons relier ce chemin individuel aux hypoth\u00e8ses qu&rsquo;apporte la physique quantique sur la nature des synchronicit\u00e9s et sur la fa\u00e7on dont elles surviennent dans le pr\u00e9sent.<\/p>\n<p style=\"text-align: justify;\"><strong>Pour terminer<\/strong>, quelques suggestions bibliographiques et cin\u00e9matographiques vous seront propos\u00e9es pour vous permettre de cheminer, ainsi que de nourrir votre mental qui ne manquera pas de se rappeler \u00e0 nous lors de nos \u201cerrements\u201d symboliques, garantissant ainsi \u00e0 notre t\u00eate dans les \u00e9toiles d\u2019avoir toujours les pieds sur terre !<\/p>\n<p>Tarifs * :<\/p>\n<ul>\n<li>R\u00e9gion de Montpellier : 50 \u20ac<\/li>\n<li>Autres r\u00e9gions : frais de d\u00e9placement et h\u00e9bergement en plus<\/li>\n<\/ul>\n<p><em>* La prestation comprend :<br \/>\n<\/em><\/p>\n<ul>\n<li><em>un entretien pr\u00e9liminaire d&rsquo;\u00e9laboration de l&rsquo;intention<br \/>\n<\/em><\/li>\n<li><em>le d\u00e9roulement de l atelier<\/em><\/li>\n<\/ul>\n","protected":false},"excerpt":{"rendered":"<p>Suivant votre envie ou disponibilit\u00e9, l&rsquo;atelier\u00a0 se d\u00e9roule en individuel ou en groupe Atelier individuel (environ 3h) Anim\u00e9 par Pierre Lagrange, cette d\u00e9ambulation personnalis\u00e9e permet de d\u00e9couvrir de fa\u00e7on plus instinctuelle toute la richesse \u00e9vocatrice des synchronicit\u00e9s qui peuvent, de fa\u00e7on surprenante, r\u00e9pondre \u00e0 tout un panel de probl\u00e9matiques (affective, professionnelle, existentielle). Il est centr\u00e9 [&hellip;]<\/p>\n","protected":false},"author":3,"featured_media":0,"parent":0,"menu_order":0,"comment_status":"closed","ping_status":"closed","template":"","meta":{"footnotes":""},"class_list":["post-107","page","type-page","status-publish","hentry","short-story","post-entry","box"],"_links":{"self":[{"href":"https:\/\/www.atout-hasard.fr\/index.php\/wp-json\/wp\/v2\/pages\/107","targetHints":{"allow":["GET"]}}],"collection":[{"href":"https:\/\/www.atout-hasard.fr\/index.php\/wp-json\/wp\/v2\/pages"}],"about":[{"href":"https:\/\/www.atout-hasard.fr\/index.php\/wp-json\/wp\/v2\/types\/page"}],"author":[{"embeddable":true,"href":"https:\/\/www.atout-hasard.fr\/index.php\/wp-json\/wp\/v2\/users\/3"}],"replies":[{"embeddable":true,"href":"https:\/\/www.atout-hasard.fr\/index.php\/wp-json\/wp\/v2\/comments?post=107"}],"version-history":[{"count":68,"href":"https:\/\/www.atout-hasard.fr\/index.php\/wp-json\/wp\/v2\/pages\/107\/revisions"}],"predecessor-version":[{"id":1438,"href":"https:\/\/www.atout-hasard.fr\/index.php\/wp-json\/wp\/v2\/pages\/107\/revisions\/1438"}],"wp:attachment":[{"href":"https:\/\/www.atout-hasard.fr\/index.php\/wp-json\/wp\/v2\/media?parent=107"}],"curies":[{"name":"wp","href":"https:\/\/api.w.org\/{rel}","templated":true}]}}